{"id":8943,"date":"2023-10-29T13:04:46","date_gmt":"2023-10-29T09:04:46","guid":{"rendered":"https:\/\/ugur.edu.az\/?page_id=8943"},"modified":"2023-12-10T22:08:37","modified_gmt":"2023-12-10T18:08:37","slug":"elaqe","status":"publish","type":"page","link":"https:\/\/ugur.edu.az\/ru\/elaqe\/","title":{"rendered":"\u018flaq\u0259"},"content":{"rendered":"<p>[et_pb_section fb_built=&#8221;1&#8243; specialty=&#8221;on&#8221; next_background_color=&#8221;#ffffff&#8221; padding_top_bottom_link_1=&#8221;false&#8221; admin_label=&#8221;Header&#8221; _builder_version=&#8221;4.16&#8243; background_color=&#8221;#f8f9fa&#8221; min_height=&#8221;561px&#8221; custom_padding=&#8221;||||false|false&#8221; bottom_divider_style=&#8221;wave&#8221; bottom_divider_height=&#8221;16vw&#8221; locked=&#8221;off&#8221; global_colors_info=&#8221;{}&#8221;][et_pb_column type=&#8221;1_2&#8243; specialty_columns=&#8221;2&#8243; _builder_version=&#8221;4.16&#8243; custom_padding=&#8221;|||&#8221; global_colors_info=&#8221;{}&#8221; custom_padding__hover=&#8221;|||&#8221;][et_pb_row_inner _builder_version=&#8221;4.22.2&#8243; custom_margin=&#8221;-65px||-65px||true|false&#8221; global_colors_info=&#8221;{}&#8221;][et_pb_column_inner saved_specialty_column_type=&#8221;1_2&#8243; _builder_version=&#8221;4.16&#8243; custom_padding=&#8221;50px||||false|false&#8221; custom_padding_tablet=&#8221;0px||||false|false&#8221; custom_padding_phone=&#8221;&#8221; custom_padding_last_edited=&#8221;on|tablet&#8221; global_colors_info=&#8221;{}&#8221;][et_pb_divider color=&#8221;#f9ce6e&#8221; divider_position=&#8221;center&#8221; divider_weight=&#8221;1px&#8221; _builder_version=&#8221;4.16&#8243; width=&#8221;120px&#8221; height=&#8221;7px&#8221; box_shadow_style=&#8221;preset7&#8243; box_shadow_horizontal=&#8221;40px&#8221; box_shadow_vertical=&#8221;0px&#8221; box_shadow_color=&#8221;#f9ce6e&#8221; locked=&#8221;off&#8221; global_colors_info=&#8221;{}&#8221;][\/et_pb_divider][et_pb_text _builder_version=&#8221;4.22.2&#8243; header_4_font=&#8221;PT Sans|700||on|||||&#8221; header_4_text_color=&#8221;#ffc107&#8243; header_4_font_size=&#8221;11px&#8221; header_4_letter_spacing=&#8221;1px&#8221; custom_margin=&#8221;-38px|||130px|false|false&#8221; custom_padding=&#8221;||||false|false&#8221; locked=&#8221;off&#8221; global_colors_info=&#8221;{}&#8221;]<\/p>\n<h4><strong>S\u0130Z\u0130N F\u0130KR\u0130N\u0130Z B\u0130Z\u0130M \u00dc\u00c7\u00dcN \u018fH\u018fM\u0130YY\u018fTL\u0130D\u0130R!<\/strong><\/h4>\n<p>[\/et_pb_text][et_pb_text _builder_version=&#8221;4.22.2&#8243; text_font=&#8221;Montserrat||||||||&#8221; text_font_size=&#8221;16px&#8221; text_line_height=&#8221;1.8em&#8221; header_font=&#8221;Playfair Display|700|||||||&#8221; header_font_size=&#8221;60px&#8221; header_line_height=&#8221;1.1em&#8221; header_font_size_tablet=&#8221;40px&#8221; header_font_size_phone=&#8221;30px&#8221; header_font_size_last_edited=&#8221;on|phone&#8221; global_colors_info=&#8221;{}&#8221;]<\/p>\n<h1><strong>Biziml\u0259 \u018flaq\u0259 Saxlay\u0131n!<\/strong><\/h1>\n<p><strong><\/strong><\/p>\n<p><span>U\u011eUR Kurslar\u0131na suallar\u0131n\u0131z, t\u0259klifl\u0259riniz v\u0259 ya \u015f\u0259rhl\u0259riniz varsa, biz\u0259 yaz\u0131n. H\u0259r bir m\u00fcraci\u0259t bizim \u00fc\u00e7\u00fcn d\u0259y\u0259rlidir v\u0259 siz\u0259 tez bir \u015f\u0259kild\u0259 cavab ver\u0259c\u0259yik. Sizin rahatl\u0131\u011f\u0131n\u0131z v\u0259 m\u0259mnuniyy\u0259tiniz \u00fc\u00e7\u00fcn buraday\u0131q!<\/span><\/p>\n<p>[\/et_pb_text][\/et_pb_column_inner][\/et_pb_row_inner][\/et_pb_column][et_pb_column type=&#8221;1_2&#8243; _builder_version=&#8221;4.16&#8243; custom_padding=&#8221;|||&#8221; global_colors_info=&#8221;{}&#8221; custom_padding__hover=&#8221;|||&#8221;][et_pb_image src=&#8221;http:\/\/ugur.edu.az\/wp-content\/uploads\/2023\/09\/tutor-09.png&#8221; _builder_version=&#8221;4.16&#8243; positioning=&#8221;absolute&#8221; vertical_offset=&#8221;-10px&#8221; horizontal_offset=&#8221;-115px&#8221; z_index=&#8221;1&#8243; vertical_offset_tablet=&#8221;-60px&#8221; vertical_offset_phone=&#8221;&#8221; vertical_offset_last_edited=&#8221;on|phone&#8221; width=&#8221;100%&#8221; global_colors_info=&#8221;{}&#8221;][\/et_pb_image][et_pb_contact_form title=&#8221;\u018flaq\u0259 Formu&#8221; success_message=&#8221;M\u00fcraci\u0259t Etdiyiniz \u00dc\u00e7\u00fcn T\u0259\u015f\u0259kk\u00fcr Edirik. \u018fm\u0259kda\u015flar\u0131m\u0131z Q\u0131sa M\u00fcdd\u0259td\u0259 Sizinl\u0259 \u018flaq\u0259 Saxlayacaq!&#8221; submit_button_text=&#8221;M\u00fcraci\u0259t Et&#8221; _builder_version=&#8221;4.22.2&#8243; _module_preset=&#8221;default&#8221; _unique_id=&#8221;e48529be-9f5b-4b2a-9f41-42fb7c5c2838&#8243; title_level=&#8221;h2&#8243; title_font=&#8221;Montserrat|600|||||||&#8221; title_text_align=&#8221;center&#8221; title_font_size=&#8221;40px&#8221; captcha_font=&#8221;Montserrat||||||||&#8221; background_color=&#8221;#f8f9fa&#8221; custom_padding=&#8221;|||||true&#8221; border_radii=&#8221;on|8px|8px|8px|8px&#8221; box_shadow_style=&#8221;preset1&#8243; box_shadow_blur=&#8221;10px&#8221; global_colors_info=&#8221;{}&#8221;][et_pb_contact_field field_id=&#8221;tam_ad&#8221; field_title=&#8221;Ad v\u0259 soyad&#8221; allowed_symbols=&#8221;letters&#8221; _builder_version=&#8221;4.22.2&#8243; form_field_font=&#8221;Montserrat||||||||&#8221; global_colors_info=&#8221;{}&#8221; button_text_size__hover_enabled=&#8221;off&#8221; button_one_text_size__hover_enabled=&#8221;off&#8221; button_two_text_size__hover_enabled=&#8221;off&#8221; button_text_color__hover_enabled=&#8221;off&#8221; button_one_text_color__hover_enabled=&#8221;off&#8221; button_two_text_color__hover_enabled=&#8221;off&#8221; button_border_width__hover_enabled=&#8221;off&#8221; button_one_border_width__hover_enabled=&#8221;off&#8221; button_two_border_width__hover_enabled=&#8221;off&#8221; button_border_color__hover_enabled=&#8221;off&#8221; button_one_border_color__hover_enabled=&#8221;off&#8221; button_two_border_color__hover_enabled=&#8221;off&#8221; button_border_radius__hover_enabled=&#8221;off&#8221; button_one_border_radius__hover_enabled=&#8221;off&#8221; button_two_border_radius__hover_enabled=&#8221;off&#8221; button_letter_spacing__hover_enabled=&#8221;off&#8221; button_one_letter_spacing__hover_enabled=&#8221;off&#8221; button_two_letter_spacing__hover_enabled=&#8221;off&#8221; button_bg_color__hover_enabled=&#8221;off&#8221; button_one_bg_color__hover_enabled=&#8221;off&#8221; button_two_bg_color__hover_enabled=&#8221;off&#8221;][\/et_pb_contact_field][et_pb_contact_field field_id=&#8221;email&#8221; field_title=&#8221;Elektron po\u00e7t \u00fcnvan\u0131&#8221; field_type=&#8221;email&#8221; _builder_version=&#8221;4.22.2&#8243; form_field_font=&#8221;Montserrat||||||||&#8221; global_colors_info=&#8221;{}&#8221; button_text_size__hover_enabled=&#8221;off&#8221; button_one_text_size__hover_enabled=&#8221;off&#8221; button_two_text_size__hover_enabled=&#8221;off&#8221; button_text_color__hover_enabled=&#8221;off&#8221; button_one_text_color__hover_enabled=&#8221;off&#8221; button_two_text_color__hover_enabled=&#8221;off&#8221; button_border_width__hover_enabled=&#8221;off&#8221; button_one_border_width__hover_enabled=&#8221;off&#8221; button_two_border_width__hover_enabled=&#8221;off&#8221; button_border_color__hover_enabled=&#8221;off&#8221; button_one_border_color__hover_enabled=&#8221;off&#8221; button_two_border_color__hover_enabled=&#8221;off&#8221; button_border_radius__hover_enabled=&#8221;off&#8221; button_one_border_radius__hover_enabled=&#8221;off&#8221; button_two_border_radius__hover_enabled=&#8221;off&#8221; button_letter_spacing__hover_enabled=&#8221;off&#8221; button_one_letter_spacing__hover_enabled=&#8221;off&#8221; button_two_letter_spacing__hover_enabled=&#8221;off&#8221; button_bg_color__hover_enabled=&#8221;off&#8221; button_one_bg_color__hover_enabled=&#8221;off&#8221; button_two_bg_color__hover_enabled=&#8221;off&#8221;][\/et_pb_contact_field][et_pb_contact_field field_id=&#8221;telefon_nomresi&#8221; field_title=&#8221;Telefon n\u00f6mr\u0259si&#8221; allowed_symbols=&#8221;numbers&#8221; fullwidth_field=&#8221;on&#8221; _builder_version=&#8221;4.22.2&#8243; _module_preset=&#8221;default&#8221; form_field_font=&#8221;Montserrat||||||||&#8221; global_colors_info=&#8221;{}&#8221;][\/et_pb_contact_field][et_pb_contact_field field_id=&#8221;muracietinizin_basligi&#8221; field_title=&#8221;M\u00fcraci\u0259tinizin ba\u015fl\u0131\u011f\u0131&#8221; fullwidth_field=&#8221;on&#8221; _builder_version=&#8221;4.22.2&#8243; _module_preset=&#8221;default&#8221; global_colors_info=&#8221;{}&#8221;][\/et_pb_contact_field][et_pb_contact_field field_id=&#8221;elave_qeyd&#8221; field_title=&#8221;\u018flav\u0259 qeyd&#8221; field_type=&#8221;text&#8221; required_mark=&#8221;off&#8221; fullwidth_field=&#8221;on&#8221; _builder_version=&#8221;4.22.2&#8243; form_field_font=&#8221;Montserrat||||||||&#8221; global_colors_info=&#8221;{}&#8221; button_text_size__hover_enabled=&#8221;off&#8221; button_one_text_size__hover_enabled=&#8221;off&#8221; button_two_text_size__hover_enabled=&#8221;off&#8221; button_text_color__hover_enabled=&#8221;off&#8221; button_one_text_color__hover_enabled=&#8221;off&#8221; button_two_text_color__hover_enabled=&#8221;off&#8221; button_border_width__hover_enabled=&#8221;off&#8221; button_one_border_width__hover_enabled=&#8221;off&#8221; button_two_border_width__hover_enabled=&#8221;off&#8221; button_border_color__hover_enabled=&#8221;off&#8221; button_one_border_color__hover_enabled=&#8221;off&#8221; button_two_border_color__hover_enabled=&#8221;off&#8221; button_border_radius__hover_enabled=&#8221;off&#8221; button_one_border_radius__hover_enabled=&#8221;off&#8221; button_two_border_radius__hover_enabled=&#8221;off&#8221; button_letter_spacing__hover_enabled=&#8221;off&#8221; button_one_letter_spacing__hover_enabled=&#8221;off&#8221; button_two_letter_spacing__hover_enabled=&#8221;off&#8221; button_bg_color__hover_enabled=&#8221;off&#8221; button_one_bg_color__hover_enabled=&#8221;off&#8221; button_two_bg_color__hover_enabled=&#8221;off&#8221;][\/et_pb_contact_field][\/et_pb_contact_form][et_pb_image src=&#8221;http:\/\/ugur.edu.az\/wp-content\/uploads\/2023\/09\/tutor-10.png&#8221; _builder_version=&#8221;4.16&#8243; positioning=&#8221;relative&#8221; horizontal_offset=&#8221;-80px&#8221; scroll_vertical_motion_enable=&#8221;on&#8221; scroll_vertical_motion=&#8221;0|50|50|100|2|0|-2&#8243; scroll_rotating_enable=&#8221;on&#8221; scroll_rotating=&#8221;0|50|50|100|30\u00b0|0|-30\u00b0&#8221; locked=&#8221;off&#8221; global_colors_info=&#8221;{}&#8221;][\/et_pb_image][\/et_pb_column][\/et_pb_section][et_pb_section fb_built=&#8221;1&#8243; custom_padding_last_edited=&#8221;off|tablet&#8221; admin_label=&#8221;Footer&#8221; _builder_version=&#8221;4.16&#8243; background_image=&#8221;http:\/\/ugur.edu.az\/wp-content\/uploads\/2023\/09\/Tutoring-Service_Footer.png&#8221; background_size=&#8221;contain&#8221; background_position=&#8221;bottom_center&#8221; custom_padding=&#8221;||16vw||false|false&#8221; custom_padding_tablet=&#8221;||||false|false&#8221; locked=&#8221;off&#8221; global_colors_info=&#8221;{}&#8221;][et_pb_row custom_padding_last_edited=&#8221;on|tablet&#8221; _builder_version=&#8221;4.16&#8243; background_image=&#8221;http:\/\/ugur.edu.az\/wp-content\/uploads\/2023\/09\/bac-01.png&#8221; background_size=&#8221;contain&#8221; custom_padding=&#8221;160px|100px|100px|100px|false|true&#8221; custom_padding_tablet=&#8221;10px|40px|10px|40px|true|true&#8221; custom_padding_phone=&#8221;0px|0px|0px|0px|true|true&#8221; global_colors_info=&#8221;{}&#8221;][et_pb_column type=&#8221;4_4&#8243; _builder_version=&#8221;4.16&#8243; global_colors_info=&#8221;{}&#8221;][et_pb_text _builder_version=&#8221;4.22.1&#8243; text_font=&#8221;Montserrat||||||||&#8221; text_font_size=&#8221;16px&#8221; text_line_height=&#8221;1.8em&#8221; header_2_font=&#8221;Montserrat|700|||||||&#8221; header_2_text_color=&#8221;#2a3749&#8243; header_2_font_size=&#8221;50px&#8221; header_2_line_height=&#8221;1.3em&#8221; text_orientation=&#8221;center&#8221; max_width=&#8221;600px&#8221; module_alignment=&#8221;center&#8221; header_2_font_size_tablet=&#8221;32px&#8221; header_2_font_size_phone=&#8221;24px&#8221; header_2_font_size_last_edited=&#8221;on|phone&#8221; locked=&#8221;off&#8221; global_colors_info=&#8221;{}&#8221;]<\/p>\n<h2>G\u0259lin Birlikd\u0259 \u00d6yr\u0259n\u0259k!<\/h2>\n<p>U\u011eUR T\u0259hsil M\u0259rk\u0259zind\u0259 h\u0259r bir t\u0259l\u0259b\u0259nin mara\u011f\u0131 v\u0259 h\u0259d\u0259fi h\u0259m d\u0259 bizim maraq v\u0259 h\u0259d\u0259fimizdir. Biz h\u0259r bir t\u0259l\u0259b\u0259y\u0259 keyfiyy\u0259tli bilik m\u00fcbadil\u0259si v\u0259 inki\u015faf \u00fc\u00e7\u00fcn dinamik m\u00fchit v\u0259d veririk. Birlikd\u0259 yeni \u00fcf\u00fcql\u0259r yol a\u00e7ma\u011f\u0131n sevincini biziml\u0259 hiss edin!<\/p>\n<p>[\/et_pb_text][et_pb_button button_url=&#8221;https:\/\/wa.me\/message\/MLDT6ILLLJ46A1&#8243; url_new_window=&#8221;on&#8221; button_text=&#8221;\u0130ND\u0130 BA\u015eLA&#8221; button_alignment=&#8221;center&#8221; _builder_version=&#8221;4.22.2&#8243; custom_button=&#8221;on&#8221; button_text_size=&#8221;12px&#8221; button_text_color=&#8221;#ffffff&#8221; button_bg_color=&#8221;#007aff&#8221; button_border_width=&#8221;0px&#8221; button_border_radius=&#8221;100px&#8221; button_letter_spacing=&#8221;2px&#8221; button_font=&#8221;PT Sans|900||on|||||&#8221; button_use_icon=&#8221;off&#8221; custom_margin=&#8221;||40px||false|false&#8221; custom_padding=&#8221;20px|30px|20px|30px|true|true&#8221; box_shadow_style=&#8221;preset3&#8243; box_shadow_blur=&#8221;28px&#8221; box_shadow_spread=&#8221;-10px&#8221; box_shadow_color=&#8221;rgba(0,122,255,0.33)&#8221; locked=&#8221;off&#8221; global_colors_info=&#8221;{}&#8221; box_shadow_color__hover=&#8221;#2585b2&#8243; box_shadow_blur__hover_enabled=&#8221;off&#8221; box_shadow_blur__hover=&#8221;20px&#8221; box_shadow_vertical__hover_enabled=&#8221;off&#8221; box_shadow_vertical__hover=&#8221;10px&#8221;][\/et_pb_button][\/et_pb_column][\/et_pb_row][et_pb_row column_structure=&#8221;1_2,1_2&#8243; module_id=&#8221;kontakt-melumatlari&#8221; _builder_version=&#8221;4.22.1&#8243; max_width=&#8221;750px&#8221; custom_padding=&#8221;0px||0px||true|&#8221; global_colors_info=&#8221;{}&#8221;][et_pb_column type=&#8221;1_2&#8243; _builder_version=&#8221;4.16&#8243; global_colors_info=&#8221;{}&#8221;][et_pb_blurb title=&#8221;(+994) 50 711 35 38&#8243; use_icon=&#8221;on&#8221; font_icon=&#8221;&#xe00b;||divi||400&#8243; icon_color=&#8221;#aaaaaa&#8221; image_icon_width=&#8221;32px&#8221; content_max_width=&#8221;100%&#8221; _builder_version=&#8221;4.22.2&#8243; header_font=&#8221;PT Sans|700|||||||&#8221; header_text_color=&#8221;#2a3749&#8243; header_font_size=&#8221;20px&#8221; header_line_height=&#8221;1.9em&#8221; text_orientation=&#8221;center&#8221; icon_font_size=&#8221;32px&#8221; locked=&#8221;off&#8221; global_colors_info=&#8221;{}&#8221;][\/et_pb_blurb][et_pb_blurb title=&#8221;(+994) 55 711 35 38&#8243; image_icon_width=&#8221;32px&#8221; content_max_width=&#8221;100%&#8221; _builder_version=&#8221;4.21.0&#8243; header_font=&#8221;PT Sans|700|||||||&#8221; header_text_color=&#8221;#2a3749&#8243; header_font_size=&#8221;20px&#8221; header_line_height=&#8221;1.9em&#8221; text_orientation=&#8221;center&#8221; custom_margin=&#8221;-37px|||||&#8221; custom_padding=&#8221;0px|||||&#8221; icon_font_size=&#8221;32px&#8221; locked=&#8221;off&#8221; global_colors_info=&#8221;{}&#8221;][\/et_pb_blurb][\/et_pb_column][et_pb_column type=&#8221;1_2&#8243; _builder_version=&#8221;4.16&#8243; global_colors_info=&#8221;{}&#8221;][et_pb_blurb title=&#8221;info@ugur.edu.az&#8221; use_icon=&#8221;on&#8221; font_icon=&#8221;&#xe076;||divi||400&#8243; icon_color=&#8221;#aaaaaa&#8221; image_icon_width=&#8221;32px&#8221; content_max_width=&#8221;100%&#8221; _builder_version=&#8221;4.21.0&#8243; header_font=&#8221;PT Sans|700|||||||&#8221; header_text_color=&#8221;#2a3749&#8243; header_font_size=&#8221;20px&#8221; header_line_height=&#8221;1.9em&#8221; text_orientation=&#8221;center&#8221; icon_font_size=&#8221;32px&#8221; locked=&#8221;off&#8221; global_colors_info=&#8221;{}&#8221;][\/et_pb_blurb][\/et_pb_column][\/et_pb_row][\/et_pb_section]<\/p>","protected":false},"excerpt":{"rendered":"<p>S\u0130Z\u0130N F\u0130KR\u0130N\u0130Z B\u0130Z\u0130M \u00dc\u00c7\u00dcN \u018fH\u018fM\u0130YY\u018fTL\u0130D\u0130R!Biziml\u0259 \u018flaq\u0259 Saxlay\u0131n! U\u011eUR Kurslar\u0131na suallar\u0131n\u0131z, t\u0259klifl\u0259riniz v\u0259 ya \u015f\u0259rhl\u0259riniz varsa, biz\u0259 yaz\u0131n. H\u0259r bir m\u00fcraci\u0259t bizim \u00fc\u00e7\u00fcn d\u0259y\u0259rlidir v\u0259 siz\u0259 tez bir \u015f\u0259kild\u0259 cavab ver\u0259c\u0259yik. Sizin rahatl\u0131\u011f\u0131n\u0131z v\u0259 m\u0259mnuniyy\u0259tiniz \u00fc\u00e7\u00fcn buraday\u0131q!G\u0259lin Birlikd\u0259 \u00d6yr\u0259n\u0259k! U\u011eUR T\u0259hsil M\u0259rk\u0259zind\u0259 h\u0259r bir t\u0259l\u0259b\u0259nin mara\u011f\u0131 v\u0259 h\u0259d\u0259fi h\u0259m d\u0259 bizim maraq v\u0259 h\u0259d\u0259fimizdir. Biz h\u0259r [&hellip;]<\/p>","protected":false},"author":1,"featured_media":0,"parent":0,"menu_order":0,"comment_status":"closed","ping_status":"closed","template":"","meta":{"_et_pb_use_builder":"on","_et_pb_old_content":"","_et_gb_content_width":"","footnotes":""},"_links":{"self":[{"href":"https:\/\/ugur.edu.az\/ru\/wp-json\/wp\/v2\/pages\/8943"}],"collection":[{"href":"https:\/\/ugur.edu.az\/ru\/wp-json\/wp\/v2\/pages"}],"about":[{"href":"https:\/\/ugur.edu.az\/ru\/wp-json\/wp\/v2\/types\/page"}],"author":[{"embeddable":true,"href":"https:\/\/ugur.edu.az\/ru\/wp-json\/wp\/v2\/users\/1"}],"replies":[{"embeddable":true,"href":"https:\/\/ugur.edu.az\/ru\/wp-json\/wp\/v2\/comments?post=8943"}],"version-history":[{"count":4,"href":"https:\/\/ugur.edu.az\/ru\/wp-json\/wp\/v2\/pages\/8943\/revisions"}],"predecessor-version":[{"id":9140,"href":"https:\/\/ugur.edu.az\/ru\/wp-json\/wp\/v2\/pages\/8943\/revisions\/9140"}],"wp:attachment":[{"href":"https:\/\/ugur.edu.az\/ru\/wp-json\/wp\/v2\/media?parent=8943"}],"curies":[{"name":"wp","href":"https:\/\/api.w.org\/{rel}","templated":true}]}}