{"id":9153,"date":"2023-12-12T20:33:19","date_gmt":"2023-12-12T16:33:19","guid":{"rendered":"https:\/\/ugur.edu.az\/?page_id=9153"},"modified":"2025-03-25T17:59:45","modified_gmt":"2025-03-25T13:59:45","slug":"komandaya-qosul","status":"publish","type":"page","link":"https:\/\/ugur.edu.az\/ru\/komandaya-qosul\/","title":{"rendered":"Komandaya Qo\u015ful"},"content":{"rendered":"[et_pb_section admin_label=&#8221;section&#8221;]\n\t\t\t[et_pb_row admin_label=&#8221;row&#8221;]\n\t\t\t\t[et_pb_column type=&#8221;4_4&#8243;][et_pb_text admin_label=&#8221;Text&#8221;]\n<figure class=\"wp-block-table\"><table><tbody><tr><td><a href=\"http:\/\/ugur.edu.az\/ru\/wp-admin\/profile.php\/\"><\/a><\/td><td><div class=\"wpforms-container wpforms-container-full\" id=\"wpforms-5517\"><form id=\"wpforms-form-5517\" class=\"wpforms-validate wpforms-form\" data-formid=\"5517\" method=\"post\" enctype=\"multipart\/form-data\" action=\"\/ru\/wp-json\/wp\/v2\/pages\/9153\" data-token=\"b98840bd877e9073885804e4c439b321\" data-token-time=\"1776328494\" data-trp-original-action=\"\/ru\/wp-json\/wp\/v2\/pages\/9153\"><noscript class=\"wpforms-error-noscript\">\u0414\u043b\u044f \u0437\u0430\u043f\u043e\u043b\u043d\u0435\u043d\u0438\u044f \u0434\u0430\u043d\u043d\u043e\u0439 \u0444\u043e\u0440\u043c\u044b \u0432\u043a\u043b\u044e\u0447\u0438\u0442\u0435 JavaScript \u0432 \u0431\u0440\u0430\u0443\u0437\u0435\u0440\u0435.<\/noscript><div class=\"wpforms-field-container\"><div id=\"wpforms-5517-field_0-container\" class=\"wpforms-field wpforms-field-name\" data-field-id=\"0\"><label class=\"wpforms-field-label\" for=\"wpforms-5517-field_0\">Ad <span class=\"wpforms-required-label\">*<\/span><\/label><input type=\"text\" id=\"wpforms-5517-field_0\" class=\"wpforms-field-small wpforms-field-required\" name=\"wpforms[fields][0]\" required><\/div><div id=\"wpforms-5517-field_5-container\" class=\"wpforms-field wpforms-field-text\" data-field-id=\"5\"><label class=\"wpforms-field-label\" for=\"wpforms-5517-field_5\">Soyad <span class=\"wpforms-required-label\">*<\/span><\/label><input type=\"text\" id=\"wpforms-5517-field_5\" class=\"wpforms-field-small wpforms-field-required\" name=\"wpforms[fields][5]\" required><\/div><div id=\"wpforms-5517-field_1-container\" class=\"wpforms-field wpforms-field-email\" data-field-id=\"1\"><label class=\"wpforms-field-label\" for=\"wpforms-5517-field_1\">E-po\u00e7t <span class=\"wpforms-required-label\">*<\/span><\/label><input type=\"email\" id=\"wpforms-5517-field_1\" class=\"wpforms-field-small wpforms-field-required\" name=\"wpforms[fields][1]\" spellcheck=\"false\" required><\/div><div id=\"wpforms-5517-field_13-container\" class=\"wpforms-field wpforms-field-select wpforms-field-select-style-classic\" data-field-id=\"13\"><label class=\"wpforms-field-label\" for=\"wpforms-5517-field_13\">B\u00f6lm\u0259 <span class=\"wpforms-required-label\">*<\/span><\/label><select id=\"wpforms-5517-field_13\" class=\"wpforms-field-medium wpforms-field-required\" name=\"wpforms[fields][13]\" required=\"required\"><option value=\"\" class=\"placeholder\" disabled selected='selected'>B\u00f6lm\u0259 se\u00e7<\/option><option value=\"Az\u0259rbaycan\" >Az\u0259rbaycan<\/option><option value=\"Rus\" >Rus<\/option><\/select><\/div><div id=\"wpforms-5517-field_6-container\" class=\"wpforms-field wpforms-field-select wpforms-field-select-style-classic\" data-field-id=\"6\"><label class=\"wpforms-field-label\" for=\"wpforms-5517-field_6\">\u0130xtisas <span class=\"wpforms-required-label\">*<\/span><\/label><select id=\"wpforms-5517-field_6\" class=\"wpforms-field-medium wpforms-field-required\" name=\"wpforms[fields][6]\" required=\"required\"><option value=\"\" class=\"placeholder\" disabled selected='selected'>\u0130xtisas se\u00e7.<\/option><option value=\"Az\u0259rbaycan dili v\u0259 \u0259d\u0259biyyat\" >Az\u0259rbaycan dili v\u0259 \u0259d\u0259biyyat<\/option><option value=\"Tarix\" >Tarix<\/option><option value=\"Co\u011frafiya\" >Co\u011frafiya<\/option><option value=\"\u0130ngilis dili\" >\u0130ngilis dili<\/option><option value=\"Riyaziyyat\" >Riyaziyyat<\/option><option value=\"Fizika\" >Fizika<\/option><option value=\"Kimya\" >Kimya<\/option><option value=\"Biologiya\" >Biologiya<\/option><option value=\"M\u0259kt\u0259b\u0259q\u0259d\u0259r\" >M\u0259kt\u0259b\u0259q\u0259d\u0259r<\/option><option value=\"\u0130btidai sinif\" >\u0130btidai sinif<\/option><option value=\"Kurikulum\" >Kurikulum<\/option><option value=\"M\u0259ntiq\" >M\u0259ntiq<\/option><option value=\"Qanunvericilik\" >Qanunvericilik<\/option><option value=\"\u0130nformatika\" >\u0130nformatika<\/option><option value=\"Texnologiya\" >Texnologiya<\/option><option value=\"Fiziki t\u0259rbiyy\u0259\" >Fiziki t\u0259rbiyy\u0259<\/option><option value=\"T\u0259sviri inc\u0259s\u0259n\u0259t\" >T\u0259sviri inc\u0259s\u0259n\u0259t<\/option><option value=\"Texniki i\u015f\u00e7i kimi\" >Texniki i\u015f\u00e7i kimi<\/option><option value=\"Kompyuter m\u00fc\u0259llimi\" >Kompyuter m\u00fc\u0259llimi<\/option><option value=\"S\u00fcr\u00fcc\u00fcl\u00fck\" >S\u00fcr\u00fcc\u00fcl\u00fck<\/option><option value=\"Alman dili\" >Alman dili<\/option><option value=\"Frans\u0131z dili\" >Frans\u0131z dili<\/option><option value=\"Rus dili\" >Rus dili<\/option><option value=\"Dig\u0259r\" >Dig\u0259r<\/option><\/select><\/div><div id=\"wpforms-5517-field_8-container\" class=\"wpforms-field wpforms-field-number\" data-field-id=\"8\"><label class=\"wpforms-field-label\" for=\"wpforms-5517-field_8\">Telefon n\u00f6mr\u0259si <span class=\"wpforms-required-label\">*<\/span><\/label><input type=\"number\" id=\"wpforms-5517-field_8\" class=\"wpforms-field-small wpforms-field-required\" name=\"wpforms[fields][8]\" step=\"any\" required><\/div><div id=\"wpforms-5517-field_12-container\" class=\"wpforms-field wpforms-field-select wpforms-field-select-style-classic\" data-field-id=\"12\"><label class=\"wpforms-field-label\" for=\"wpforms-5517-field_12\">Vakansiya elan ed\u0259n filiallar <span class=\"wpforms-required-label\">*<\/span><\/label><select id=\"wpforms-5517-field_12\" class=\"wpforms-field-medium wpforms-field-required\" name=\"wpforms[fields][12]\" required=\"required\"><option value=\"\" class=\"placeholder\" disabled selected='selected'>Filial se\u00e7<\/option><option value=\"Neft\u00e7il\u0259r filial\u0131(Ba\u015f ofis)\" >Neft\u00e7il\u0259r filial\u0131(Ba\u015f ofis)<\/option><option value=\"X\u0259z\u0259r filial\u0131(Bin\u0259 q\u0259s\u0259b\u0259si)\" >X\u0259z\u0259r filial\u0131(Bin\u0259 q\u0259s\u0259b\u0259si)<\/option><option value=\"Masall\u0131 filial\u0131\" >Masall\u0131 filial\u0131<\/option><option value=\"Bil\u0259c\u0259ri filial\u0131\" >Bil\u0259c\u0259ri filial\u0131<\/option><option value=\"Lerik filial\u0131\" >Lerik filial\u0131<\/option><option value=\"Sabun\u00e7u filial\u0131\" >Sabun\u00e7u filial\u0131<\/option><\/select><\/div><div id=\"wpforms-5517-field_11-container\" class=\"wpforms-field wpforms-field-text\" data-field-id=\"11\"><label class=\"wpforms-field-label\" for=\"wpforms-5517-field_11\">Faktiki ya\u015fad\u0131\u011f\u0131 \u00fcnvan <span class=\"wpforms-required-label\">*<\/span><\/label><input type=\"text\" id=\"wpforms-5517-field_11\" class=\"wpforms-field-medium wpforms-field-required\" name=\"wpforms[fields][11]\" required><\/div><div id=\"wpforms-5517-field_2-container\" class=\"wpforms-field wpforms-field-textarea\" data-field-id=\"2\"><label class=\"wpforms-field-label\" for=\"wpforms-5517-field_2\">\u00d6z\u00fcn\u00fcz haqda q\u0131sa m\u0259lumat <span class=\"wpforms-required-label\">*<\/span><\/label><textarea id=\"wpforms-5517-field_2\" class=\"wpforms-field-medium wpforms-field-required\" name=\"wpforms[fields][2]\" required><\/textarea><\/div><\/div><!-- .wpforms-field-container --><div class=\"wpforms-field wpforms-field-hp\"><label for=\"wpforms-5517-field-hp\" class=\"wpforms-field-label\">Comment<\/label><input type=\"text\" name=\"wpforms[hp]\" id=\"wpforms-5517-field-hp\" class=\"wpforms-field-medium\"><\/div><div class=\"wpforms-submit-container\" ><input type=\"hidden\" name=\"wpforms[id]\" value=\"5517\"><input type=\"hidden\" name=\"page_title\" value=\"\"><input type=\"hidden\" name=\"page_url\" value=\"https:\/\/ugur.edu.az\/ru\/wp-json\/wp\/v2\/pages\/9153\"><input type=\"hidden\" name=\"url_referer\" value=\"\"><button type=\"submit\" name=\"wpforms[submit]\" id=\"wpforms-submit-5517\" class=\"wpforms-submit\" aria-live=\"assertive\" value=\"wpforms-submit\">G\u00d6ND\u018fR<\/button><\/div><input type=\"hidden\" name=\"trp-form-language\" value=\"ru\"\/><\/form><\/div>  <!-- .wpforms-container --><\/td><\/tr><\/tbody><\/table><\/figure>\n[\/et_pb_text][\/et_pb_column]\n\t\t\t[\/et_pb_row]\n\t\t[\/et_pb_section]","protected":false},"excerpt":{"rendered":"<div class=\"wpforms-container wpforms-container-full\" id=\"wpforms-5517\"><form id=\"wpforms-form-5517\" class=\"wpforms-validate wpforms-form\" data-formid=\"5517\" method=\"post\" enctype=\"multipart\/form-data\" action=\"\/ru\/wp-json\/wp\/v2\/pages\/9153\" data-token=\"b98840bd877e9073885804e4c439b321\" data-token-time=\"1776328494\" data-trp-original-action=\"\/ru\/wp-json\/wp\/v2\/pages\/9153\"><noscript class=\"wpforms-error-noscript\">\u0414\u043b\u044f \u0437\u0430\u043f\u043e\u043b\u043d\u0435\u043d\u0438\u044f \u0434\u0430\u043d\u043d\u043e\u0439 \u0444\u043e\u0440\u043c\u044b \u0432\u043a\u043b\u044e\u0447\u0438\u0442\u0435 JavaScript \u0432 \u0431\u0440\u0430\u0443\u0437\u0435\u0440\u0435.<\/noscript><div class=\"wpforms-field-container\"><div id=\"wpforms-5517-field_0-container\" class=\"wpforms-field wpforms-field-name\" data-field-id=\"0\"><label class=\"wpforms-field-label\" for=\"wpforms-5517-field_0\">Ad <span class=\"wpforms-required-label\">*<\/span><\/label><input type=\"text\" id=\"wpforms-5517-field_0\" class=\"wpforms-field-small wpforms-field-required\" name=\"wpforms[fields][0]\" required><\/div><div id=\"wpforms-5517-field_5-container\" class=\"wpforms-field wpforms-field-text\" data-field-id=\"5\"><label class=\"wpforms-field-label\" for=\"wpforms-5517-field_5\">Soyad <span class=\"wpforms-required-label\">*<\/span><\/label><input type=\"text\" id=\"wpforms-5517-field_5\" class=\"wpforms-field-small wpforms-field-required\" name=\"wpforms[fields][5]\" required><\/div><div id=\"wpforms-5517-field_1-container\" class=\"wpforms-field wpforms-field-email\" data-field-id=\"1\"><label class=\"wpforms-field-label\" for=\"wpforms-5517-field_1\">E-po\u00e7t <span class=\"wpforms-required-label\">*<\/span><\/label><input type=\"email\" id=\"wpforms-5517-field_1\" class=\"wpforms-field-small wpforms-field-required\" name=\"wpforms[fields][1]\" spellcheck=\"false\" required><\/div><div id=\"wpforms-5517-field_13-container\" class=\"wpforms-field wpforms-field-select wpforms-field-select-style-classic\" data-field-id=\"13\"><label class=\"wpforms-field-label\" for=\"wpforms-5517-field_13\">B\u00f6lm\u0259 <span class=\"wpforms-required-label\">*<\/span><\/label><select id=\"wpforms-5517-field_13\" class=\"wpforms-field-medium wpforms-field-required\" name=\"wpforms[fields][13]\" required=\"required\"><option value=\"\" class=\"placeholder\" disabled selected='selected'>B\u00f6lm\u0259 se\u00e7<\/option><option value=\"Az\u0259rbaycan\" >Az\u0259rbaycan<\/option><option value=\"Rus\" >Rus<\/option><\/select><\/div><div id=\"wpforms-5517-field_6-container\" class=\"wpforms-field wpforms-field-select wpforms-field-select-style-classic\" data-field-id=\"6\"><label class=\"wpforms-field-label\" for=\"wpforms-5517-field_6\">\u0130xtisas <span class=\"wpforms-required-label\">*<\/span><\/label><select id=\"wpforms-5517-field_6\" class=\"wpforms-field-medium wpforms-field-required\" name=\"wpforms[fields][6]\" required=\"required\"><option value=\"\" class=\"placeholder\" disabled selected='selected'>\u0130xtisas se\u00e7.<\/option><option value=\"Az\u0259rbaycan dili v\u0259 \u0259d\u0259biyyat\" >Az\u0259rbaycan dili v\u0259 \u0259d\u0259biyyat<\/option><option value=\"Tarix\" >Tarix<\/option><option value=\"Co\u011frafiya\" >Co\u011frafiya<\/option><option value=\"\u0130ngilis dili\" >\u0130ngilis dili<\/option><option value=\"Riyaziyyat\" >Riyaziyyat<\/option><option value=\"Fizika\" >Fizika<\/option><option value=\"Kimya\" >Kimya<\/option><option value=\"Biologiya\" >Biologiya<\/option><option value=\"M\u0259kt\u0259b\u0259q\u0259d\u0259r\" >M\u0259kt\u0259b\u0259q\u0259d\u0259r<\/option><option value=\"\u0130btidai sinif\" >\u0130btidai sinif<\/option><option value=\"Kurikulum\" >Kurikulum<\/option><option value=\"M\u0259ntiq\" >M\u0259ntiq<\/option><option value=\"Qanunvericilik\" >Qanunvericilik<\/option><option value=\"\u0130nformatika\" >\u0130nformatika<\/option><option value=\"Texnologiya\" >Texnologiya<\/option><option value=\"Fiziki t\u0259rbiyy\u0259\" >Fiziki t\u0259rbiyy\u0259<\/option><option value=\"T\u0259sviri inc\u0259s\u0259n\u0259t\" >T\u0259sviri inc\u0259s\u0259n\u0259t<\/option><option value=\"Texniki i\u015f\u00e7i kimi\" >Texniki i\u015f\u00e7i kimi<\/option><option value=\"Kompyuter m\u00fc\u0259llimi\" >Kompyuter m\u00fc\u0259llimi<\/option><option value=\"S\u00fcr\u00fcc\u00fcl\u00fck\" >S\u00fcr\u00fcc\u00fcl\u00fck<\/option><option value=\"Alman dili\" >Alman dili<\/option><option value=\"Frans\u0131z dili\" >Frans\u0131z dili<\/option><option value=\"Rus dili\" >Rus dili<\/option><option value=\"Dig\u0259r\" >Dig\u0259r<\/option><\/select><\/div><div id=\"wpforms-5517-field_8-container\" class=\"wpforms-field wpforms-field-number\" data-field-id=\"8\"><label class=\"wpforms-field-label\" for=\"wpforms-5517-field_8\">Telefon n\u00f6mr\u0259si <span class=\"wpforms-required-label\">*<\/span><\/label><input type=\"number\" id=\"wpforms-5517-field_8\" class=\"wpforms-field-small wpforms-field-required\" name=\"wpforms[fields][8]\" step=\"any\" required><\/div><div id=\"wpforms-5517-field_12-container\" class=\"wpforms-field wpforms-field-select wpforms-field-select-style-classic\" data-field-id=\"12\"><label class=\"wpforms-field-label\" for=\"wpforms-5517-field_12\">Vakansiya elan ed\u0259n filiallar <span class=\"wpforms-required-label\">*<\/span><\/label><select id=\"wpforms-5517-field_12\" class=\"wpforms-field-medium wpforms-field-required\" name=\"wpforms[fields][12]\" required=\"required\"><option value=\"\" class=\"placeholder\" disabled selected='selected'>Filial se\u00e7<\/option><option value=\"Neft\u00e7il\u0259r filial\u0131(Ba\u015f ofis)\" >Neft\u00e7il\u0259r filial\u0131(Ba\u015f ofis)<\/option><option value=\"X\u0259z\u0259r filial\u0131(Bin\u0259 q\u0259s\u0259b\u0259si)\" >X\u0259z\u0259r filial\u0131(Bin\u0259 q\u0259s\u0259b\u0259si)<\/option><option value=\"Masall\u0131 filial\u0131\" >Masall\u0131 filial\u0131<\/option><option value=\"Bil\u0259c\u0259ri filial\u0131\" >Bil\u0259c\u0259ri filial\u0131<\/option><option value=\"Lerik filial\u0131\" >Lerik filial\u0131<\/option><option value=\"Sabun\u00e7u filial\u0131\" >Sabun\u00e7u filial\u0131<\/option><\/select><\/div><div id=\"wpforms-5517-field_11-container\" class=\"wpforms-field wpforms-field-text\" data-field-id=\"11\"><label class=\"wpforms-field-label\" for=\"wpforms-5517-field_11\">Faktiki ya\u015fad\u0131\u011f\u0131 \u00fcnvan <span class=\"wpforms-required-label\">*<\/span><\/label><input type=\"text\" id=\"wpforms-5517-field_11\" class=\"wpforms-field-medium wpforms-field-required\" name=\"wpforms[fields][11]\" required><\/div><div id=\"wpforms-5517-field_2-container\" class=\"wpforms-field wpforms-field-textarea\" data-field-id=\"2\"><label class=\"wpforms-field-label\" for=\"wpforms-5517-field_2\">\u00d6z\u00fcn\u00fcz haqda q\u0131sa m\u0259lumat <span class=\"wpforms-required-label\">*<\/span><\/label><textarea id=\"wpforms-5517-field_2\" class=\"wpforms-field-medium wpforms-field-required\" name=\"wpforms[fields][2]\" required><\/textarea><\/div><\/div><!-- .wpforms-field-container --><div class=\"wpforms-field wpforms-field-hp\"><label for=\"wpforms-5517-field-hp\" class=\"wpforms-field-label\">Website<\/label><input type=\"text\" name=\"wpforms[hp]\" id=\"wpforms-5517-field-hp\" class=\"wpforms-field-medium\"><\/div><div class=\"wpforms-submit-container\" ><input type=\"hidden\" name=\"wpforms[id]\" value=\"5517\"><input type=\"hidden\" name=\"page_title\" value=\"\"><input type=\"hidden\" name=\"page_url\" value=\"https:\/\/ugur.edu.az\/ru\/wp-json\/wp\/v2\/pages\/9153\"><input type=\"hidden\" name=\"url_referer\" value=\"\"><button type=\"submit\" name=\"wpforms[submit]\" id=\"wpforms-submit-5517\" class=\"wpforms-submit\" aria-live=\"assertive\" value=\"wpforms-submit\">G\u00d6ND\u018fR<\/button><\/div><input type=\"hidden\" name=\"trp-form-language\" value=\"ru\"\/><\/form><\/div>  <!-- .wpforms-container -->","protected":false},"author":1,"featured_media":0,"parent":0,"menu_order":0,"comment_status":"closed","ping_status":"closed","template":"","meta":{"_et_pb_use_builder":"on","_et_pb_old_content":"<!-- wp:table -->\n<figure class=\"wp-block-table\"><table><tbody><tr><td><a href=\"http:\/\/ugur.edu.az\/wp-admin\/profile.php\"><\/a><\/td><td>[wpforms id=\"5517\"]<\/td><\/tr><\/tbody><\/table><\/figure>\n<!-- \/wp:table -->","_et_gb_content_width":"","footnotes":""},"_links":{"self":[{"href":"https:\/\/ugur.edu.az\/ru\/wp-json\/wp\/v2\/pages\/9153"}],"collection":[{"href":"https:\/\/ugur.edu.az\/ru\/wp-json\/wp\/v2\/pages"}],"about":[{"href":"https:\/\/ugur.edu.az\/ru\/wp-json\/wp\/v2\/types\/page"}],"author":[{"embeddable":true,"href":"https:\/\/ugur.edu.az\/ru\/wp-json\/wp\/v2\/users\/1"}],"replies":[{"embeddable":true,"href":"https:\/\/ugur.edu.az\/ru\/wp-json\/wp\/v2\/comments?post=9153"}],"version-history":[{"count":14,"href":"https:\/\/ugur.edu.az\/ru\/wp-json\/wp\/v2\/pages\/9153\/revisions"}],"predecessor-version":[{"id":9238,"href":"https:\/\/ugur.edu.az\/ru\/wp-json\/wp\/v2\/pages\/9153\/revisions\/9238"}],"wp:attachment":[{"href":"https:\/\/ugur.edu.az\/ru\/wp-json\/wp\/v2\/media?parent=9153"}],"curies":[{"name":"wp","href":"https:\/\/api.w.org\/{rel}","templated":true}]}}